{"id":3979,"date":"2025-12-09T20:18:38","date_gmt":"2025-12-09T20:18:38","guid":{"rendered":"https:\/\/gwr-nano.hu\/?page_id=3979"},"modified":"2025-12-10T20:16:37","modified_gmt":"2025-12-10T20:16:37","slug":"minositesek","status":"publish","type":"page","link":"https:\/\/gwr-nano.hu\/?page_id=3979","title":{"rendered":"MIN\u0150S\u00cdT\u00c9SEK"},"content":{"rendered":"\n<p><a href=\"https:\/\/gwr-nano.hu\/?page_id=3957\"><strong>GWR Nano \u2013 Hivatalos CEA m\u0171szaki min\u0151s\u00edt\u00e9s<\/strong><\/a><\/p>\n\n\n\n<p><strong><a href=\"https:\/\/gwr-nano.hu\/?page_id=4015\">A GWR Nano teljes\u00edtm\u00e9nye a val\u00f3s\u00e1gban \u2013 A T\u00dcV m\u00e9r\u00e9sei alapj\u00e1n<\/a><\/strong><\/p>\n\n\n\n<p><a href=\"https:\/\/gwr-nano.hu\/?page_id=4069\"><strong>GWR Nano Vietnam f\u00fcggetlen kont\u00e9ner-teszt<\/strong><\/a><\/p>\n\n\n\n<p><a href=\"https:\/\/gwr-nano.hu\/?page_id=4077\"><strong>GWR Nano \u2013 BRUCHA f\u00fcggetlen vizsg\u00e1lat<\/strong><\/a><\/p>\n\n\n\n<p><strong><a href=\"https:\/\/gwr-nano.hu\/?page_id=4083\">FIFA-stadionok mint \u201evil\u00e1gszint\u0171 GWR Nano referencia\u201d<\/a><\/strong><\/p>\n\n\n\n<p><strong><a href=\"https:\/\/gwr-nano.hu\/?page_id=4095\">GWR Nano Insulation \u2013 Hivatalos NATO-term\u00e9kmin\u0151s\u00edt\u00e9s<\/a><\/strong><\/p>\n","protected":false},"excerpt":{"rendered":"<p>GWR Nano \u2013 Hivatalos CEA m\u0171szaki min\u0151s\u00edt\u00e9s A GWR Nano teljes\u00edtm\u00e9nye a val\u00f3s\u00e1gban \u2013 A T\u00dcV m\u00e9r\u00e9sei alapj\u00e1n GWR Nano Vietnam f\u00fcggetlen kont\u00e9ner-teszt GWR Nano \u2013 BRUCHA f\u00fcggetlen vizsg\u00e1lat FIFA-stadionok mint \u201evil\u00e1gszint\u0171 GWR Nano referencia\u201d GWR Nano Insulation \u2013 Hivatalos NATO-term\u00e9kmin\u0151s\u00edt\u00e9s<\/p>\n","protected":false},"author":1,"featured_media":0,"parent":0,"menu_order":0,"comment_status":"closed","ping_status":"closed","template":"","meta":{"footnotes":""},"class_list":["post-3979","page","type-page","status-publish","hentry"],"yoast_head":"<!-- This site is optimized with the Yoast SEO plugin v27.5 - https:\/\/yoast.com\/product\/yoast-seo-wordpress\/ -->\n<title>MIN\u0150S\u00cdT\u00c9SEK -<\/title>\n<meta name=\"description\" content=\"MIN\u0150S\u00cdT\u00c9SEK\" \/>\n<meta name=\"robots\" content=\"index, follow, max-snippet:-1, max-image-preview:large, max-video-preview:-1\" \/>\n<link rel=\"canonical\" href=\"https:\/\/gwr-nano.hu\/?page_id=3979\" \/>\n<meta property=\"og:locale\" content=\"en_US\" \/>\n<meta property=\"og:type\" content=\"article\" \/>\n<meta property=\"og:title\" content=\"MIN\u0150S\u00cdT\u00c9SEK -\" \/>\n<meta property=\"og:description\" content=\"MIN\u0150S\u00cdT\u00c9SEK\" \/>\n<meta property=\"og:url\" content=\"https:\/\/gwr-nano.hu\/?page_id=3979\" \/>\n<meta property=\"article:modified_time\" content=\"2025-12-10T20:16:37+00:00\" \/>\n<meta name=\"twitter:card\" content=\"summary_large_image\" \/>\n<meta name=\"twitter:label1\" content=\"Est. reading time\" \/>\n\t<meta name=\"twitter:data1\" content=\"1 minute\" \/>\n<script type=\"application\/ld+json\" class=\"yoast-schema-graph\">{\"@context\":\"https:\\\/\\\/schema.org\",\"@graph\":[{\"@type\":\"WebPage\",\"@id\":\"https:\\\/\\\/gwr-nano.hu\\\/?page_id=3979\",\"url\":\"https:\\\/\\\/gwr-nano.hu\\\/?page_id=3979\",\"name\":\"MIN\u0150S\u00cdT\u00c9SEK -\",\"isPartOf\":{\"@id\":\"https:\\\/\\\/gwr-nano.hu\\\/#website\"},\"datePublished\":\"2025-12-09T20:18:38+00:00\",\"dateModified\":\"2025-12-10T20:16:37+00:00\",\"description\":\"MIN\u0150S\u00cdT\u00c9SEK\",\"breadcrumb\":{\"@id\":\"https:\\\/\\\/gwr-nano.hu\\\/?page_id=3979#breadcrumb\"},\"inLanguage\":\"en-US\",\"potentialAction\":[{\"@type\":\"ReadAction\",\"target\":[\"https:\\\/\\\/gwr-nano.hu\\\/?page_id=3979\"]}]},{\"@type\":\"BreadcrumbList\",\"@id\":\"https:\\\/\\\/gwr-nano.hu\\\/?page_id=3979#breadcrumb\",\"itemListElement\":[{\"@type\":\"ListItem\",\"position\":1,\"name\":\"Home\",\"item\":\"https:\\\/\\\/gwr-nano.hu\\\/\"},{\"@type\":\"ListItem\",\"position\":2,\"name\":\"MIN\u0150S\u00cdT\u00c9SEK\"}]},{\"@type\":\"WebSite\",\"@id\":\"https:\\\/\\\/gwr-nano.hu\\\/#website\",\"url\":\"https:\\\/\\\/gwr-nano.hu\\\/\",\"name\":\"\",\"description\":\"\",\"potentialAction\":[{\"@type\":\"SearchAction\",\"target\":{\"@type\":\"EntryPoint\",\"urlTemplate\":\"https:\\\/\\\/gwr-nano.hu\\\/?s={search_term_string}\"},\"query-input\":{\"@type\":\"PropertyValueSpecification\",\"valueRequired\":true,\"valueName\":\"search_term_string\"}}],\"inLanguage\":\"en-US\"}]}<\/script>\n<!-- \/ Yoast SEO plugin. -->","yoast_head_json":{"title":"MIN\u0150S\u00cdT\u00c9SEK -","description":"MIN\u0150S\u00cdT\u00c9SEK","robots":{"index":"index","follow":"follow","max-snippet":"max-snippet:-1","max-image-preview":"max-image-preview:large","max-video-preview":"max-video-preview:-1"},"canonical":"https:\/\/gwr-nano.hu\/?page_id=3979","og_locale":"en_US","og_type":"article","og_title":"MIN\u0150S\u00cdT\u00c9SEK -","og_description":"MIN\u0150S\u00cdT\u00c9SEK","og_url":"https:\/\/gwr-nano.hu\/?page_id=3979","article_modified_time":"2025-12-10T20:16:37+00:00","twitter_card":"summary_large_image","twitter_misc":{"Est. reading time":"1 minute"},"schema":{"@context":"https:\/\/schema.org","@graph":[{"@type":"WebPage","@id":"https:\/\/gwr-nano.hu\/?page_id=3979","url":"https:\/\/gwr-nano.hu\/?page_id=3979","name":"MIN\u0150S\u00cdT\u00c9SEK -","isPartOf":{"@id":"https:\/\/gwr-nano.hu\/#website"},"datePublished":"2025-12-09T20:18:38+00:00","dateModified":"2025-12-10T20:16:37+00:00","description":"MIN\u0150S\u00cdT\u00c9SEK","breadcrumb":{"@id":"https:\/\/gwr-nano.hu\/?page_id=3979#breadcrumb"},"inLanguage":"en-US","potentialAction":[{"@type":"ReadAction","target":["https:\/\/gwr-nano.hu\/?page_id=3979"]}]},{"@type":"BreadcrumbList","@id":"https:\/\/gwr-nano.hu\/?page_id=3979#breadcrumb","itemListElement":[{"@type":"ListItem","position":1,"name":"Home","item":"https:\/\/gwr-nano.hu\/"},{"@type":"ListItem","position":2,"name":"MIN\u0150S\u00cdT\u00c9SEK"}]},{"@type":"WebSite","@id":"https:\/\/gwr-nano.hu\/#website","url":"https:\/\/gwr-nano.hu\/","name":"","description":"","potentialAction":[{"@type":"SearchAction","target":{"@type":"EntryPoint","urlTemplate":"https:\/\/gwr-nano.hu\/?s={search_term_string}"},"query-input":{"@type":"PropertyValueSpecification","valueRequired":true,"valueName":"search_term_string"}}],"inLanguage":"en-US"}]}},"_links":{"self":[{"href":"https:\/\/gwr-nano.hu\/index.php?rest_route=\/wp\/v2\/pages\/3979","targetHints":{"allow":["GET"]}}],"collection":[{"href":"https:\/\/gwr-nano.hu\/index.php?rest_route=\/wp\/v2\/pages"}],"about":[{"href":"https:\/\/gwr-nano.hu\/index.php?rest_route=\/wp\/v2\/types\/page"}],"author":[{"embeddable":true,"href":"https:\/\/gwr-nano.hu\/index.php?rest_route=\/wp\/v2\/users\/1"}],"replies":[{"embeddable":true,"href":"https:\/\/gwr-nano.hu\/index.php?rest_route=%2Fwp%2Fv2%2Fcomments&post=3979"}],"version-history":[{"count":10,"href":"https:\/\/gwr-nano.hu\/index.php?rest_route=\/wp\/v2\/pages\/3979\/revisions"}],"predecessor-version":[{"id":4100,"href":"https:\/\/gwr-nano.hu\/index.php?rest_route=\/wp\/v2\/pages\/3979\/revisions\/4100"}],"wp:attachment":[{"href":"https:\/\/gwr-nano.hu\/index.php?rest_route=%2Fwp%2Fv2%2Fmedia&parent=3979"}],"curies":[{"name":"wp","href":"https:\/\/api.w.org\/{rel}","templated":true}]}}